{"id":456,"date":"2024-04-09T15:14:46","date_gmt":"2024-04-09T18:14:46","guid":{"rendered":"https:\/\/nfecloud.com.br\/ajuda\/?page_id=456"},"modified":"2024-04-09T15:15:18","modified_gmt":"2024-04-09T18:15:18","slug":"funcoes-nota-botao-engrenagem","status":"publish","type":"page","link":"https:\/\/nfecloud.com.br\/ajuda\/funcoes-nota-botao-engrenagem\/","title":{"rendered":"Fun\u00e7\u00f5es Nota &#8211; Bot\u00e3o Engrenagem"},"content":{"rendered":"\t\t<div data-elementor-type=\"wp-page\" data-elementor-id=\"456\" class=\"elementor elementor-456\" data-elementor-post-type=\"page\">\n\t\t\t\t<div class=\"elementor-element elementor-element-fe8378c e-flex e-con-boxed e-con e-parent\" data-id=\"fe8378c\" data-element_type=\"container\">\n\t\t\t\t\t<div class=\"e-con-inner\">\n\t\t<div class=\"elementor-element elementor-element-3b348e1 e-flex e-con-boxed e-con e-child\" data-id=\"3b348e1\" data-element_type=\"container\">\n\t\t\t\t\t<div class=\"e-con-inner\">\n\t\t\t\t<div class=\"elementor-element elementor-element-9a4a3ed elementor-widget elementor-widget-text-editor\" data-id=\"9a4a3ed\" data-element_type=\"widget\" data-widget_type=\"text-editor.default\">\n\t\t\t\t<div class=\"elementor-widget-container\">\n\t\t\t\t\t\t\t\t\tFun\u00e7\u00f5es Nota &#8211; Bot\u00e3o Engrenagem\t\t\t\t\t\t\t\t<\/div>\n\t\t\t\t<\/div>\n\t\t\t\t<div class=\"elementor-element elementor-element-1414976 elementor-nav-menu__align-start elementor-nav-menu--dropdown-tablet elementor-nav-menu__text-align-aside elementor-nav-menu--toggle elementor-nav-menu--burger elementor-widget elementor-widget-nav-menu\" data-id=\"1414976\" data-element_type=\"widget\" data-settings=\"{&quot;layout&quot;:&quot;vertical&quot;,&quot;submenu_icon&quot;:{&quot;value&quot;:&quot;&lt;svg class=\\&quot;e-font-icon-svg e-fas-caret-down\\&quot; viewBox=\\&quot;0 0 320 512\\&quot; xmlns=\\&quot;http:\\\/\\\/www.w3.org\\\/2000\\\/svg\\&quot;&gt;&lt;path d=\\&quot;M31.3 192h257.3c17.8 0 26.7 21.5 14.1 34.1L174.1 354.8c-7.8 7.8-20.5 7.8-28.3 0L17.2 226.1C4.6 213.5 13.5 192 31.3 192z\\&quot;&gt;&lt;\\\/path&gt;&lt;\\\/svg&gt;&quot;,&quot;library&quot;:&quot;fa-solid&quot;},&quot;toggle&quot;:&quot;burger&quot;}\" data-widget_type=\"nav-menu.default\">\n\t\t\t\t<div class=\"elementor-widget-container\">\n\t\t\t\t\t\t\t\t<nav aria-label=\"Menu\" class=\"elementor-nav-menu--main elementor-nav-menu__container elementor-nav-menu--layout-vertical e--pointer-none\">\n\t\t\t\t<ul id=\"menu-1-1414976\" class=\"elementor-nav-menu sm-vertical\"><li class=\"menu-item menu-item-type-post_type menu-item-object-post menu-item-391\"><a href=\"https:\/\/nfecloud.com.br\/ajuda\/inclui-ou-altera-informacoes-uteis\/\" class=\"elementor-item\">Inclui ou Altera informa\u00e7\u00f5es \u00fateis<\/a><\/li>\n<li class=\"menu-item menu-item-type-post_type menu-item-object-post menu-item-393\"><a href=\"https:\/\/nfecloud.com.br\/ajuda\/visualizar-danfe-pdf\/\" class=\"elementor-item\">Visualizar Danfe (PDF)<\/a><\/li>\n<li class=\"menu-item menu-item-type-post_type menu-item-object-post menu-item-394\"><a href=\"https:\/\/nfecloud.com.br\/ajuda\/download-em-xml-ou-pdf\/\" class=\"elementor-item\">Download em Xml ou PDF<\/a><\/li>\n<li class=\"menu-item menu-item-type-post_type menu-item-object-post menu-item-395\"><a href=\"https:\/\/nfecloud.com.br\/ajuda\/enviar-por-e-mail\/\" class=\"elementor-item\">Enviar por E-mail<\/a><\/li>\n<li class=\"menu-item menu-item-type-post_type menu-item-object-post menu-item-392\"><a href=\"https:\/\/nfecloud.com.br\/ajuda\/visualizar-nf-e-detalhado\/\" class=\"elementor-item\">Visualizar NF-e Detalhado<\/a><\/li>\n<li class=\"menu-item menu-item-type-post_type menu-item-object-post menu-item-396\"><a href=\"https:\/\/nfecloud.com.br\/ajuda\/atualizar-status-da-nf-e-na-sefaz\/\" class=\"elementor-item\">Atualizar Status da NF-e na SEFAZ<\/a><\/li>\n<li class=\"menu-item menu-item-type-post_type menu-item-object-post menu-item-390\"><a href=\"https:\/\/nfecloud.com.br\/ajuda\/funcao-manifestar-nf-e\/\" class=\"elementor-item\">Fun\u00e7\u00e3o Manifestar NF-e<\/a><\/li>\n<\/ul>\t\t\t<\/nav>\n\t\t\t\t\t<div class=\"elementor-menu-toggle\" role=\"button\" tabindex=\"0\" aria-label=\"Alternar menu\" aria-expanded=\"false\">\n\t\t\t<svg aria-hidden=\"true\" role=\"presentation\" class=\"elementor-menu-toggle__icon--open e-font-icon-svg e-fas-plus\" viewBox=\"0 0 448 512\" xmlns=\"http:\/\/www.w3.org\/2000\/svg\"><path d=\"M416 208H272V64c0-17.67-14.33-32-32-32h-32c-17.67 0-32 14.33-32 32v144H32c-17.67 0-32 14.33-32 32v32c0 17.67 14.33 32 32 32h144v144c0 17.67 14.33 32 32 32h32c17.67 0 32-14.33 32-32V304h144c17.67 0 32-14.33 32-32v-32c0-17.67-14.33-32-32-32z\"><\/path><\/svg><svg aria-hidden=\"true\" role=\"presentation\" class=\"elementor-menu-toggle__icon--close e-font-icon-svg e-eicon-close\" viewBox=\"0 0 1000 1000\" xmlns=\"http:\/\/www.w3.org\/2000\/svg\"><path d=\"M742 167L500 408 258 167C246 154 233 150 217 150 196 150 179 158 167 167 154 179 150 196 150 212 150 229 154 242 171 254L408 500 167 742C138 771 138 800 167 829 196 858 225 858 254 829L496 587 738 829C750 842 767 846 783 846 800 846 817 842 829 829 842 817 846 804 846 783 846 767 842 750 829 737L588 500 833 258C863 229 863 200 833 171 804 137 775 137 742 167Z\"><\/path><\/svg>\t\t\t<span class=\"elementor-screen-only\">Menu<\/span>\n\t\t<\/div>\n\t\t\t\t\t<nav class=\"elementor-nav-menu--dropdown elementor-nav-menu__container\" aria-hidden=\"true\">\n\t\t\t\t<ul id=\"menu-2-1414976\" class=\"elementor-nav-menu sm-vertical\"><li class=\"menu-item menu-item-type-post_type menu-item-object-post menu-item-391\"><a href=\"https:\/\/nfecloud.com.br\/ajuda\/inclui-ou-altera-informacoes-uteis\/\" class=\"elementor-item\" tabindex=\"-1\">Inclui ou Altera informa\u00e7\u00f5es \u00fateis<\/a><\/li>\n<li class=\"menu-item menu-item-type-post_type menu-item-object-post menu-item-393\"><a href=\"https:\/\/nfecloud.com.br\/ajuda\/visualizar-danfe-pdf\/\" class=\"elementor-item\" tabindex=\"-1\">Visualizar Danfe (PDF)<\/a><\/li>\n<li class=\"menu-item menu-item-type-post_type menu-item-object-post menu-item-394\"><a href=\"https:\/\/nfecloud.com.br\/ajuda\/download-em-xml-ou-pdf\/\" class=\"elementor-item\" tabindex=\"-1\">Download em Xml ou PDF<\/a><\/li>\n<li class=\"menu-item menu-item-type-post_type menu-item-object-post menu-item-395\"><a href=\"https:\/\/nfecloud.com.br\/ajuda\/enviar-por-e-mail\/\" class=\"elementor-item\" tabindex=\"-1\">Enviar por E-mail<\/a><\/li>\n<li class=\"menu-item menu-item-type-post_type menu-item-object-post menu-item-392\"><a href=\"https:\/\/nfecloud.com.br\/ajuda\/visualizar-nf-e-detalhado\/\" class=\"elementor-item\" tabindex=\"-1\">Visualizar NF-e Detalhado<\/a><\/li>\n<li class=\"menu-item menu-item-type-post_type menu-item-object-post menu-item-396\"><a href=\"https:\/\/nfecloud.com.br\/ajuda\/atualizar-status-da-nf-e-na-sefaz\/\" class=\"elementor-item\" tabindex=\"-1\">Atualizar Status da NF-e na SEFAZ<\/a><\/li>\n<li class=\"menu-item menu-item-type-post_type menu-item-object-post menu-item-390\"><a href=\"https:\/\/nfecloud.com.br\/ajuda\/funcao-manifestar-nf-e\/\" class=\"elementor-item\" tabindex=\"-1\">Fun\u00e7\u00e3o Manifestar NF-e<\/a><\/li>\n<\/ul>\t\t\t<\/nav>\n\t\t\t\t\t\t<\/div>\n\t\t\t\t<\/div>\n\t\t\t\t\t<\/div>\n\t\t\t\t<\/div>\n\t\t\t\t\t<\/div>\n\t\t\t\t<\/div>\n\t\t\t\t<\/div>\n\t\t","protected":false},"excerpt":{"rendered":"<p>Fun\u00e7\u00f5es Nota &#8211; Bot\u00e3o Engrenagem<\/p>\n","protected":false},"author":1,"featured_media":0,"parent":0,"menu_order":0,"comment_status":"closed","ping_status":"closed","template":"","meta":{"footnotes":""},"class_list":["post-456","page","type-page","status-publish","hentry"],"_links":{"self":[{"href":"https:\/\/nfecloud.com.br\/ajuda\/wp-json\/wp\/v2\/pages\/456","targetHints":{"allow":["GET"]}}],"collection":[{"href":"https:\/\/nfecloud.com.br\/ajuda\/wp-json\/wp\/v2\/pages"}],"about":[{"href":"https:\/\/nfecloud.com.br\/ajuda\/wp-json\/wp\/v2\/types\/page"}],"author":[{"embeddable":true,"href":"https:\/\/nfecloud.com.br\/ajuda\/wp-json\/wp\/v2\/users\/1"}],"replies":[{"embeddable":true,"href":"https:\/\/nfecloud.com.br\/ajuda\/wp-json\/wp\/v2\/comments?post=456"}],"version-history":[{"count":4,"href":"https:\/\/nfecloud.com.br\/ajuda\/wp-json\/wp\/v2\/pages\/456\/revisions"}],"predecessor-version":[{"id":468,"href":"https:\/\/nfecloud.com.br\/ajuda\/wp-json\/wp\/v2\/pages\/456\/revisions\/468"}],"wp:attachment":[{"href":"https:\/\/nfecloud.com.br\/ajuda\/wp-json\/wp\/v2\/media?parent=456"}],"curies":[{"name":"wp","href":"https:\/\/api.w.org\/{rel}","templated":true}]}}